{"id":77,"date":"2010-11-08T23:30:27","date_gmt":"2010-11-08T22:30:27","guid":{"rendered":"http:\/\/bruno.garrigue.me\/blog\/?page_id=77"},"modified":"2012-12-09T19:37:40","modified_gmt":"2012-12-09T18:37:40","slug":"securite-routiere","status":"publish","type":"page","link":"https:\/\/bruno.garrigue.me\/blog\/securite-routiere\/","title":{"rendered":"s\u00e9curit\u00e9 routi\u00e8re &#8230;une nuit de tournage m\u00e9morable!"},"content":{"rendered":"<p><object classid=\"clsid:d27cdb6e-ae6d-11cf-96b8-444553540000\" width=\"640\" height=\"385\" codebase=\"http:\/\/download.macromedia.com\/pub\/shockwave\/cabs\/flash\/swflash.cab#version=6,0,40,0\"><param name=\"allowFullScreen\" value=\"true\" \/><param name=\"allowscriptaccess\" value=\"always\" \/><param name=\"src\" value=\"http:\/\/www.youtube.com\/v\/wfMKktpowx0?fs=1&amp;hl=fr_FR\" \/><param name=\"allowfullscreen\" value=\"true\" \/><embed type=\"application\/x-shockwave-flash\" width=\"640\" height=\"385\" src=\"http:\/\/www.youtube.com\/v\/wfMKktpowx0?fs=1&amp;hl=fr_FR\" allowscriptaccess=\"always\" allowfullscreen=\"true\"><\/embed><\/object><\/ins>\u00ab\u00a0<a href=https:\/\/bruno.garrigue.me\/blog onClick=\\\"javascript:window.history.go(-1)\\\">Retour accueil<\/a>\u00ab\u00a0;<\/p>\n","protected":false},"excerpt":{"rendered":"<p>\u00ab\u00a0Retour accueil\u00ab\u00a0;<\/p>\n","protected":false},"author":1,"featured_media":0,"parent":0,"menu_order":0,"comment_status":"closed","ping_status":"closed","template":"","meta":[],"_links":{"self":[{"href":"https:\/\/bruno.garrigue.me\/blog\/wp-json\/wp\/v2\/pages\/77"}],"collection":[{"href":"https:\/\/bruno.garrigue.me\/blog\/wp-json\/wp\/v2\/pages"}],"about":[{"href":"https:\/\/bruno.garrigue.me\/blog\/wp-json\/wp\/v2\/types\/page"}],"author":[{"embeddable":true,"href":"https:\/\/bruno.garrigue.me\/blog\/wp-json\/wp\/v2\/users\/1"}],"replies":[{"embeddable":true,"href":"https:\/\/bruno.garrigue.me\/blog\/wp-json\/wp\/v2\/comments?post=77"}],"version-history":[{"count":6,"href":"https:\/\/bruno.garrigue.me\/blog\/wp-json\/wp\/v2\/pages\/77\/revisions"}],"predecessor-version":[{"id":1104,"href":"https:\/\/bruno.garrigue.me\/blog\/wp-json\/wp\/v2\/pages\/77\/revisions\/1104"}],"wp:attachment":[{"href":"https:\/\/bruno.garrigue.me\/blog\/wp-json\/wp\/v2\/media?parent=77"}],"curies":[{"name":"wp","href":"https:\/\/api.w.org\/{rel}","templated":true}]}}