{"id":521,"date":"2011-06-10T22:20:13","date_gmt":"2011-06-10T20:20:13","guid":{"rendered":"http:\/\/bruno.garrigue.me\/blog\/?page_id=521"},"modified":"2012-12-09T19:38:43","modified_gmt":"2012-12-09T18:38:43","slug":"cerny-2011-meeting-aerien","status":"publish","type":"page","link":"https:\/\/bruno.garrigue.me\/blog\/cerny-2011-meeting-aerien\/","title":{"rendered":"Cerny 2011 meeting a\u00e9rien"},"content":{"rendered":"<p>Et voici le meeting a\u00e9rien de Cerny La fert\u00e9 2011 on ne s&rsquo;en lasse pas<code><embed type=\"application\/x-shockwave-flash\" src=\"https:\/\/picasaweb.google.com\/s\/c\/bin\/slideshow.swf\" width=\"600\" height=\"400\" flashvars=\"host=picasaweb.google.com&#038;hl=fr&#038;feat=flashalbum&#038;RGB=0x000000&#038;feed=https%3A%2F%2Fpicasaweb.google.com%2Fdata%2Ffeed%2Fapi%2Fuser%2Fphotonono%2Falbumid%2F5616682211066645521%3Falt%3Drss%26kind%3Dphoto%26hl%3Dfr\" pluginspage=\"http:\/\/www.macromedia.com\/go\/getflashplayer\"><\/embed>Ici<\/code><\/p>\n","protected":false},"excerpt":{"rendered":"<p>Et voici le meeting a\u00e9rien de Cerny La fert\u00e9 2011 on ne s&rsquo;en lasse pasIci<\/p>\n","protected":false},"author":1,"featured_media":0,"parent":0,"menu_order":10,"comment_status":"closed","ping_status":"closed","template":"","meta":[],"_links":{"self":[{"href":"https:\/\/bruno.garrigue.me\/blog\/wp-json\/wp\/v2\/pages\/521"}],"collection":[{"href":"https:\/\/bruno.garrigue.me\/blog\/wp-json\/wp\/v2\/pages"}],"about":[{"href":"https:\/\/bruno.garrigue.me\/blog\/wp-json\/wp\/v2\/types\/page"}],"author":[{"embeddable":true,"href":"https:\/\/bruno.garrigue.me\/blog\/wp-json\/wp\/v2\/users\/1"}],"replies":[{"embeddable":true,"href":"https:\/\/bruno.garrigue.me\/blog\/wp-json\/wp\/v2\/comments?post=521"}],"version-history":[{"count":8,"href":"https:\/\/bruno.garrigue.me\/blog\/wp-json\/wp\/v2\/pages\/521\/revisions"}],"predecessor-version":[{"id":1113,"href":"https:\/\/bruno.garrigue.me\/blog\/wp-json\/wp\/v2\/pages\/521\/revisions\/1113"}],"wp:attachment":[{"href":"https:\/\/bruno.garrigue.me\/blog\/wp-json\/wp\/v2\/media?parent=521"}],"curies":[{"name":"wp","href":"https:\/\/api.w.org\/{rel}","templated":true}]}}