{"id":4097,"date":"2020-04-13T09:47:37","date_gmt":"2020-04-13T07:47:37","guid":{"rendered":"https:\/\/bruno.garrigue.me\/blog\/?page_id=4097"},"modified":"2020-05-05T22:42:22","modified_gmt":"2020-05-05T20:42:22","slug":"un-peu-devasion-pendant-le-confinement","status":"publish","type":"page","link":"https:\/\/bruno.garrigue.me\/blog\/un-peu-devasion-pendant-le-confinement\/","title":{"rendered":"Un peu d&rsquo;\u00e9vasion pendant le confinement&#8230;"},"content":{"rendered":"\n<p class=\"has-text-color has-background has-drop-cap has-medium-font-size has-vivid-cyan-blue-color has-very-light-gray-background-color\">Sur cette page je vous propose un tour du monde en  images d&rsquo;archives pour s&rsquo;\u00e9vader un peu et se rappeler quelques bons souvenirs&#8230; Bonne lecture <\/p>\n\n\n\n<h2 class=\"wp-block-heading\">On traverse jusqu&rsquo;en en Asie :Hong Kong sans quarantaine ,Macao, quelques iles  &#8230;profitez en!<\/h2>\n\n\n\n<figure class=\"wp-block-image\"><a href=\"https:\/\/bruno.garrigue.me\/blog\/documents\/Contrastes autour de Hong Kong\/album\" target=\"_blank\" rel=\"noreferrer noopener\"><img decoding=\"async\" loading=\"lazy\" width=\"1024\" height=\"316\" src=\"https:\/\/bruno.garrigue.me\/blog\/wp-content\/uploads\/2020\/05\/DA2013-16-1024x316.jpg\" alt=\"\" class=\"wp-image-4116\" srcset=\"https:\/\/bruno.garrigue.me\/blog\/wp-content\/uploads\/2020\/05\/DA2013-16-1024x316.jpg 1024w, https:\/\/bruno.garrigue.me\/blog\/wp-content\/uploads\/2020\/05\/DA2013-16-300x93.jpg 300w, https:\/\/bruno.garrigue.me\/blog\/wp-content\/uploads\/2020\/05\/DA2013-16-768x237.jpg 768w\" sizes=\"(max-width: 1024px) 100vw, 1024px\" \/><\/a><\/figure>\n\n\n\n<h2 class=\"wp-block-heading\">L\u00e0, nous partons survoler le P\u00e9rou, l&rsquo;Argentine et le Chili . C&rsquo;\u00e9tait en 2013.<\/h2>\n\n\n\n<figure class=\"wp-block-image\"><a href=\"https:\/\/bruno.garrigue.me\/blog\/documents\/Perou, Argentine Chili 2013\/album\" target=\"_blank\" rel=\"noreferrer noopener\"><img decoding=\"async\" loading=\"lazy\" width=\"1024\" height=\"683\" src=\"https:\/\/bruno.garrigue.me\/blog\/wp-content\/uploads\/2020\/05\/DA2013-72-1024x683.jpg\" alt=\"\" class=\"wp-image-4113\" srcset=\"https:\/\/bruno.garrigue.me\/blog\/wp-content\/uploads\/2020\/05\/DA2013-72-1024x683.jpg 1024w, https:\/\/bruno.garrigue.me\/blog\/wp-content\/uploads\/2020\/05\/DA2013-72-300x200.jpg 300w, https:\/\/bruno.garrigue.me\/blog\/wp-content\/uploads\/2020\/05\/DA2013-72-768x512.jpg 768w\" sizes=\"(max-width: 1024px) 100vw, 1024px\" \/><\/a><figcaption>Cliquez sur le coucher de soleil pour voir la suite<\/figcaption><\/figure>\n\n\n\n<h2 class=\"wp-block-heading\">Un petit tour en Afrique \u00e7a vous tente? Suivez moi en cliquant sur l&rsquo;image ci dessous.<\/h2>\n\n\n\n<figure class=\"wp-block-image\"><a href=\"https:\/\/bruno.garrigue.me\/blog\/documents\/Invitation%20en%20Afrique\/album\/\" target=\"_blank\" rel=\"noreferrer noopener\"><img decoding=\"async\" loading=\"lazy\" width=\"981\" height=\"1024\" src=\"https:\/\/bruno.garrigue.me\/blog\/wp-content\/uploads\/2018\/06\/DAVS2183-981x1024.jpg\" alt=\"\" class=\"wp-image-3538\" srcset=\"https:\/\/bruno.garrigue.me\/blog\/wp-content\/uploads\/2018\/06\/DAVS2183-981x1024.jpg 981w, https:\/\/bruno.garrigue.me\/blog\/wp-content\/uploads\/2018\/06\/DAVS2183-288x300.jpg 288w, https:\/\/bruno.garrigue.me\/blog\/wp-content\/uploads\/2018\/06\/DAVS2183-768x801.jpg 768w\" sizes=\"(max-width: 981px) 100vw, 981px\" \/><\/a><\/figure>\n\n\n\n<h2 class=\"wp-block-heading\">Venez faire la travers\u00e9e de Saint Petersbourg \u00e0 Pekin. Images et visages de la Russie, du Kazakstan et de la chine ! C&rsquo;\u00e9tait en 2008<\/h2>\n\n\n\n<figure class=\"wp-block-image\"><a href=\"https:\/\/bruno.garrigue.me\/blog\/documents\/La  Transorientale 2008\/album\" target=\"_blank\" rel=\"noreferrer noopener\"><img decoding=\"async\" loading=\"lazy\" width=\"1024\" height=\"1024\" src=\"https:\/\/bruno.garrigue.me\/blog\/wp-content\/uploads\/2020\/04\/transorientale-4-1024x1024.jpg\" alt=\"\" class=\"wp-image-4106\" srcset=\"https:\/\/bruno.garrigue.me\/blog\/wp-content\/uploads\/2020\/04\/transorientale-4-1024x1024.jpg 1024w, https:\/\/bruno.garrigue.me\/blog\/wp-content\/uploads\/2020\/04\/transorientale-4-150x150.jpg 150w, https:\/\/bruno.garrigue.me\/blog\/wp-content\/uploads\/2020\/04\/transorientale-4-300x300.jpg 300w, https:\/\/bruno.garrigue.me\/blog\/wp-content\/uploads\/2020\/04\/transorientale-4-768x768.jpg 768w\" sizes=\"(max-width: 1024px) 100vw, 1024px\" \/><\/a><figcaption>Cliquez pour d\u00e9marrer le voyage<\/figcaption><\/figure>\n\n\n\n<h2 class=\"wp-block-heading\">Venise 2010<\/h2>\n\n\n\n<figure class=\"wp-block-image\"><a href=\"https:\/\/bruno.garrigue.me\/blog\/documents\/2010  Escapade \u00e0 Venise\/album\" target=\"_blank\" rel=\"noreferrer noopener\"><img decoding=\"async\" loading=\"lazy\" width=\"1024\" height=\"683\" src=\"https:\/\/bruno.garrigue.me\/blog\/wp-content\/uploads\/2020\/04\/venise-40-1024x683.jpg\" alt=\"\" class=\"wp-image-4098\" srcset=\"https:\/\/bruno.garrigue.me\/blog\/wp-content\/uploads\/2020\/04\/venise-40-1024x683.jpg 1024w, https:\/\/bruno.garrigue.me\/blog\/wp-content\/uploads\/2020\/04\/venise-40-300x200.jpg 300w, https:\/\/bruno.garrigue.me\/blog\/wp-content\/uploads\/2020\/04\/venise-40-768x512.jpg 768w\" sizes=\"(max-width: 1024px) 100vw, 1024px\" \/><\/a><figcaption>2010 Escapade \u00e0 Venise <\/figcaption><\/figure>\n\n\n\n<h2 class=\"wp-block-heading\">New York 2008<\/h2>\n\n\n\n<figure class=\"wp-block-image\"><a href=\"https:\/\/bruno.garrigue.me\/blog\/documents\/New York 2008\/album\" target=\"_blank\" rel=\"noreferrer noopener\"><img decoding=\"async\" loading=\"lazy\" width=\"1024\" height=\"683\" src=\"https:\/\/bruno.garrigue.me\/blog\/wp-content\/uploads\/2020\/04\/New-York-2008-55-1024x683.jpg\" alt=\"\" class=\"wp-image-4104\" srcset=\"https:\/\/bruno.garrigue.me\/blog\/wp-content\/uploads\/2020\/04\/New-York-2008-55-1024x683.jpg 1024w, https:\/\/bruno.garrigue.me\/blog\/wp-content\/uploads\/2020\/04\/New-York-2008-55-300x200.jpg 300w, https:\/\/bruno.garrigue.me\/blog\/wp-content\/uploads\/2020\/04\/New-York-2008-55-768x512.jpg 768w\" sizes=\"(max-width: 1024px) 100vw, 1024px\" \/><\/a><\/figure>\n","protected":false},"excerpt":{"rendered":"<p>Sur cette page je vous propose un tour du monde en images d&rsquo;archives pour s&rsquo;\u00e9vader un peu et se rappeler quelques bons souvenirs&#8230; Bonne lecture On traverse jusqu&rsquo;en en Asie :Hong Kong sans quarantaine ,Macao, quelques iles &#8230;profitez en! L\u00e0, &hellip; <a href=\"https:\/\/bruno.garrigue.me\/blog\/un-peu-devasion-pendant-le-confinement\/\">Continuer la lecture <span class=\"meta-nav\">&rarr;<\/span><\/a><\/p>\n","protected":false},"author":1,"featured_media":4116,"parent":0,"menu_order":0,"comment_status":"closed","ping_status":"closed","template":"","meta":[],"_links":{"self":[{"href":"https:\/\/bruno.garrigue.me\/blog\/wp-json\/wp\/v2\/pages\/4097"}],"collection":[{"href":"https:\/\/bruno.garrigue.me\/blog\/wp-json\/wp\/v2\/pages"}],"about":[{"href":"https:\/\/bruno.garrigue.me\/blog\/wp-json\/wp\/v2\/types\/page"}],"author":[{"embeddable":true,"href":"https:\/\/bruno.garrigue.me\/blog\/wp-json\/wp\/v2\/users\/1"}],"replies":[{"embeddable":true,"href":"https:\/\/bruno.garrigue.me\/blog\/wp-json\/wp\/v2\/comments?post=4097"}],"version-history":[{"count":10,"href":"https:\/\/bruno.garrigue.me\/blog\/wp-json\/wp\/v2\/pages\/4097\/revisions"}],"predecessor-version":[{"id":4118,"href":"https:\/\/bruno.garrigue.me\/blog\/wp-json\/wp\/v2\/pages\/4097\/revisions\/4118"}],"wp:featuredmedia":[{"embeddable":true,"href":"https:\/\/bruno.garrigue.me\/blog\/wp-json\/wp\/v2\/media\/4116"}],"wp:attachment":[{"href":"https:\/\/bruno.garrigue.me\/blog\/wp-json\/wp\/v2\/media?parent=4097"}],"curies":[{"name":"wp","href":"https:\/\/api.w.org\/{rel}","templated":true}]}}