{"id":3875,"date":"2019-05-31T11:43:33","date_gmt":"2019-05-31T09:43:33","guid":{"rendered":"https:\/\/bruno.garrigue.me\/blog\/?page_id=3875"},"modified":"2019-05-31T11:46:24","modified_gmt":"2019-05-31T09:46:24","slug":"la-page-des-tribal-show-de-besanceuil","status":"publish","type":"page","link":"https:\/\/bruno.garrigue.me\/blog\/la-page-des-tribal-show-de-besanceuil\/","title":{"rendered":"La page des \u00ab\u00a0Tribal Show\u00a0\u00bb de Besanceuil"},"content":{"rendered":"\n<h2 class=\"wp-block-heading\">Premi\u00e8re \u00e9dition 2016<\/h2>\n\n\n\n<figure class=\"wp-block-image\"><a href=\"https:\/\/bruno.garrigue.me\/blog\/?p=2615\"><img decoding=\"async\" loading=\"lazy\" width=\"1024\" height=\"370\" src=\"https:\/\/bruno.garrigue.me\/blog\/wp-content\/uploads\/2016\/05\/Image1-1024x370.jpg\" alt=\"\" class=\"wp-image-2618\" srcset=\"https:\/\/bruno.garrigue.me\/blog\/wp-content\/uploads\/2016\/05\/Image1-1024x370.jpg 1024w, https:\/\/bruno.garrigue.me\/blog\/wp-content\/uploads\/2016\/05\/Image1-300x108.jpg 300w, https:\/\/bruno.garrigue.me\/blog\/wp-content\/uploads\/2016\/05\/Image1.jpg 1407w\" sizes=\"(max-width: 1024px) 100vw, 1024px\" \/><\/a><\/figure>\n\n\n\n<h2 class=\"wp-block-heading\"> Pour l&rsquo;\u00e9dition 2017 c&rsquo;est ici <\/h2>\n\n\n\n<p><br><\/p>\n\n\n\n<figure class=\"wp-block-image\"><a href=\"https:\/\/bruno.garrigue.me\/blog\/?p=3128\" target=\"_blank\" rel=\"noreferrer noopener\"><img decoding=\"async\" loading=\"lazy\" width=\"683\" height=\"1024\" src=\"https:\/\/bruno.garrigue.me\/blog\/wp-content\/uploads\/2017\/05\/DAVS8101-683x1024.jpg\" alt=\"\" class=\"wp-image-3129\" srcset=\"https:\/\/bruno.garrigue.me\/blog\/wp-content\/uploads\/2017\/05\/DAVS8101-683x1024.jpg 683w, https:\/\/bruno.garrigue.me\/blog\/wp-content\/uploads\/2017\/05\/DAVS8101-200x300.jpg 200w, https:\/\/bruno.garrigue.me\/blog\/wp-content\/uploads\/2017\/05\/DAVS8101-768x1152.jpg 768w\" sizes=\"(max-width: 683px) 100vw, 683px\" \/><\/a><\/figure>\n\n\n\n<h2 class=\"wp-block-heading\"> Pour l&rsquo;\u00e9dition 2018 cliquez ici <\/h2>\n\n\n\n<figure class=\"wp-block-image\"><a href=\"https:\/\/bruno.garrigue.me\/blog\/?p=3537\" target=\"_blank\" rel=\"noreferrer noopener\"><img decoding=\"async\" loading=\"lazy\" width=\"981\" height=\"1024\" src=\"https:\/\/bruno.garrigue.me\/blog\/wp-content\/uploads\/2018\/06\/DAVS2183-981x1024.jpg\" alt=\"\" class=\"wp-image-3538\" srcset=\"https:\/\/bruno.garrigue.me\/blog\/wp-content\/uploads\/2018\/06\/DAVS2183-981x1024.jpg 981w, https:\/\/bruno.garrigue.me\/blog\/wp-content\/uploads\/2018\/06\/DAVS2183-288x300.jpg 288w, https:\/\/bruno.garrigue.me\/blog\/wp-content\/uploads\/2018\/06\/DAVS2183-768x801.jpg 768w\" sizes=\"(max-width: 981px) 100vw, 981px\" \/><\/a><\/figure>\n\n\n\n<h2 class=\"wp-block-heading\">L&rsquo;\u00e9dition 2019 ci dessous<\/h2>\n\n\n\n<figure class=\"wp-block-image\"><a href=\"https:\/\/bruno.garrigue.me\/blog\/documents\/Tribal show 2019 J1\/album\" target=\"_blank\" rel=\"noreferrer noopener\"><img decoding=\"async\" loading=\"lazy\" width=\"1024\" height=\"1024\" src=\"https:\/\/bruno.garrigue.me\/blog\/wp-content\/uploads\/2019\/05\/DAVS7879-12-1024x1024.jpg\" alt=\"\" class=\"wp-image-3876\" srcset=\"https:\/\/bruno.garrigue.me\/blog\/wp-content\/uploads\/2019\/05\/DAVS7879-12-1024x1024.jpg 1024w, https:\/\/bruno.garrigue.me\/blog\/wp-content\/uploads\/2019\/05\/DAVS7879-12-150x150.jpg 150w, https:\/\/bruno.garrigue.me\/blog\/wp-content\/uploads\/2019\/05\/DAVS7879-12-300x300.jpg 300w, https:\/\/bruno.garrigue.me\/blog\/wp-content\/uploads\/2019\/05\/DAVS7879-12-768x768.jpg 768w\" sizes=\"(max-width: 1024px) 100vw, 1024px\" \/><\/a><\/figure>\n\n\n\n<p><br><br><\/p>\n","protected":false},"excerpt":{"rendered":"<p>Premi\u00e8re \u00e9dition 2016 Pour l&rsquo;\u00e9dition 2017 c&rsquo;est ici Pour l&rsquo;\u00e9dition 2018 cliquez ici L&rsquo;\u00e9dition 2019 ci dessous<\/p>\n","protected":false},"author":1,"featured_media":0,"parent":0,"menu_order":0,"comment_status":"closed","ping_status":"closed","template":"","meta":[],"_links":{"self":[{"href":"https:\/\/bruno.garrigue.me\/blog\/wp-json\/wp\/v2\/pages\/3875"}],"collection":[{"href":"https:\/\/bruno.garrigue.me\/blog\/wp-json\/wp\/v2\/pages"}],"about":[{"href":"https:\/\/bruno.garrigue.me\/blog\/wp-json\/wp\/v2\/types\/page"}],"author":[{"embeddable":true,"href":"https:\/\/bruno.garrigue.me\/blog\/wp-json\/wp\/v2\/users\/1"}],"replies":[{"embeddable":true,"href":"https:\/\/bruno.garrigue.me\/blog\/wp-json\/wp\/v2\/comments?post=3875"}],"version-history":[{"count":2,"href":"https:\/\/bruno.garrigue.me\/blog\/wp-json\/wp\/v2\/pages\/3875\/revisions"}],"predecessor-version":[{"id":3881,"href":"https:\/\/bruno.garrigue.me\/blog\/wp-json\/wp\/v2\/pages\/3875\/revisions\/3881"}],"wp:attachment":[{"href":"https:\/\/bruno.garrigue.me\/blog\/wp-json\/wp\/v2\/media?parent=3875"}],"curies":[{"name":"wp","href":"https:\/\/api.w.org\/{rel}","templated":true}]}}