{"id":3381,"date":"2018-02-07T13:57:56","date_gmt":"2018-02-07T12:57:56","guid":{"rendered":"https:\/\/bruno.garrigue.me\/blog\/?page_id=3381"},"modified":"2019-05-31T13:58:16","modified_gmt":"2019-05-31T11:58:16","slug":"la-saint-vincent-2018-a-bonnay","status":"publish","type":"page","link":"https:\/\/bruno.garrigue.me\/blog\/la-saint-vincent-2018-a-bonnay\/","title":{"rendered":"La Saint Vincent 2018 \u00e0 Bonnay"},"content":{"rendered":"<p><a href=\"https:\/\/bruno.garrigue.me\/blog\/documents\/Saint Vincent 2018 Bonnay 2\/album\" target=\"_blank\" rel=\"noopener\"><img decoding=\"async\" loading=\"lazy\" class=\"aligncenter size-medium wp-image-3382\" src=\"https:\/\/bruno.garrigue.me\/blog\/wp-content\/uploads\/2018\/02\/04022018-DAVS6670-300x284.jpg\" alt=\"\" width=\"300\" height=\"284\" srcset=\"https:\/\/bruno.garrigue.me\/blog\/wp-content\/uploads\/2018\/02\/04022018-DAVS6670-300x284.jpg 300w, https:\/\/bruno.garrigue.me\/blog\/wp-content\/uploads\/2018\/02\/04022018-DAVS6670-768x726.jpg 768w, https:\/\/bruno.garrigue.me\/blog\/wp-content\/uploads\/2018\/02\/04022018-DAVS6670-1024x968.jpg 1024w\" sizes=\"(max-width: 300px) 100vw, 300px\" \/>Cliquez sur la vignette pour voir le d\u00e9fil\u00e9<\/a><\/p>\n<p><a href=\"https:\/\/bruno.garrigue.me\/blog\/documents\/St Vincent 2018 Bonnay1\/album\" target=\"_blank\" rel=\"noopener\"><img decoding=\"async\" loading=\"lazy\" class=\"aligncenter size-medium wp-image-3391\" src=\"https:\/\/bruno.garrigue.me\/blog\/wp-content\/uploads\/2018\/02\/03022018-DAVS6377-300x200.jpg\" alt=\"\" width=\"300\" height=\"200\" srcset=\"https:\/\/bruno.garrigue.me\/blog\/wp-content\/uploads\/2018\/02\/03022018-DAVS6377-300x200.jpg 300w, https:\/\/bruno.garrigue.me\/blog\/wp-content\/uploads\/2018\/02\/03022018-DAVS6377-768x512.jpg 768w, https:\/\/bruno.garrigue.me\/blog\/wp-content\/uploads\/2018\/02\/03022018-DAVS6377-1024x683.jpg 1024w\" sizes=\"(max-width: 300px) 100vw, 300px\" \/>Les d\u00e9cos c&rsquo;est ici<\/a><\/p>\n<p><a href=\"https:\/\/bruno.garrigue.me\/blog\/documents\/Le banquet de la St Vincent 2018\/album\" target=\"_blank\" rel=\"noopener\"><img decoding=\"async\" loading=\"lazy\" class=\"aligncenter size-medium wp-image-3395\" src=\"https:\/\/bruno.garrigue.me\/blog\/wp-content\/uploads\/2018\/02\/04022018-DAVS7203-300x200.jpg\" alt=\"\" width=\"300\" height=\"200\" srcset=\"https:\/\/bruno.garrigue.me\/blog\/wp-content\/uploads\/2018\/02\/04022018-DAVS7203-300x200.jpg 300w, https:\/\/bruno.garrigue.me\/blog\/wp-content\/uploads\/2018\/02\/04022018-DAVS7203-768x512.jpg 768w, https:\/\/bruno.garrigue.me\/blog\/wp-content\/uploads\/2018\/02\/04022018-DAVS7203-1024x683.jpg 1024w\" sizes=\"(max-width: 300px) 100vw, 300px\" \/>Et Le banquet c&rsquo;est l\u00e0<\/a><\/p>\n<p>Epilogue de cette belle aventure soir\u00e9e du 10 Mars 2018<\/p>\n<h1><a href=\"https:\/\/bruno.garrigue.me\/blog\/documents\/L'\u00e9pilogue de la Saint Vincent 2018 \u00e0 Bonnay\/album\" target=\"_blank\" rel=\"noopener\"><strong><span style=\"color: #ff0000;\">cliquez ici pour allumer le feu!<\/span><\/strong><\/a><\/h1>\n<p><span style=\"color: #33cccc;\">Et voici les livres souvenirs <\/span>un format paysage couverture cartonn\u00e9e et un en format vertical type revue souple<\/p>\n<p><a href=\"http:\/\/www.blurb.fr\/b\/8771287-la-saint-vincent-2018-bonnay\" rel=\"noopener\" target=\"_blank\">cliquez ici pour le format souple<\/a><br \/>\n<a href=\"http:\/\/www.blurb.fr\/b\/8770745-la-saint-vincent-2018-bonnay\" rel=\"noopener\" target=\"_blank\">Cliquez ici pour le format paysage<\/a><\/p>\n","protected":false},"excerpt":{"rendered":"<p>Cliquez sur la vignette pour voir le d\u00e9fil\u00e9 Les d\u00e9cos c&rsquo;est ici Et Le banquet c&rsquo;est l\u00e0 Epilogue de cette belle aventure soir\u00e9e du 10 Mars 2018 cliquez ici pour allumer le feu! Et voici les livres souvenirs un format &hellip; <a href=\"https:\/\/bruno.garrigue.me\/blog\/la-saint-vincent-2018-a-bonnay\/\">Continuer la lecture <span class=\"meta-nav\">&rarr;<\/span><\/a><\/p>\n","protected":false},"author":1,"featured_media":0,"parent":0,"menu_order":0,"comment_status":"closed","ping_status":"closed","template":"","meta":[],"_links":{"self":[{"href":"https:\/\/bruno.garrigue.me\/blog\/wp-json\/wp\/v2\/pages\/3381"}],"collection":[{"href":"https:\/\/bruno.garrigue.me\/blog\/wp-json\/wp\/v2\/pages"}],"about":[{"href":"https:\/\/bruno.garrigue.me\/blog\/wp-json\/wp\/v2\/types\/page"}],"author":[{"embeddable":true,"href":"https:\/\/bruno.garrigue.me\/blog\/wp-json\/wp\/v2\/users\/1"}],"replies":[{"embeddable":true,"href":"https:\/\/bruno.garrigue.me\/blog\/wp-json\/wp\/v2\/comments?post=3381"}],"version-history":[{"count":22,"href":"https:\/\/bruno.garrigue.me\/blog\/wp-json\/wp\/v2\/pages\/3381\/revisions"}],"predecessor-version":[{"id":3886,"href":"https:\/\/bruno.garrigue.me\/blog\/wp-json\/wp\/v2\/pages\/3381\/revisions\/3886"}],"wp:attachment":[{"href":"https:\/\/bruno.garrigue.me\/blog\/wp-json\/wp\/v2\/media?parent=3381"}],"curies":[{"name":"wp","href":"https:\/\/api.w.org\/{rel}","templated":true}]}}