{"id":3367,"date":"2018-01-29T21:36:05","date_gmt":"2018-01-29T20:36:05","guid":{"rendered":"https:\/\/bruno.garrigue.me\/blog\/?page_id=3367"},"modified":"2018-01-29T22:01:39","modified_gmt":"2018-01-29T21:01:39","slug":"montagne","status":"publish","type":"page","link":"https:\/\/bruno.garrigue.me\/blog\/montagne\/","title":{"rendered":"MONTAGNE"},"content":{"rendered":"<p>Vous trouverez ici quelques variations sur le th\u00e8me de la montagne durant ce d\u00e9but d&rsquo;hiver 2017\/2018.<br \/>\nToutes les photos ont \u00e9t\u00e9 r\u00e9alis\u00e9es dans la vall\u00e9e de Chamonix sur le secteur des Houches.<br \/>\nN&rsquo;h\u00e9sitez pas \u00e0 me contacter si vous d\u00e9sirez des tirages papier ou sur d&rsquo;autres supports.<br \/>\nBruno<br \/>\nPS :Activez le mode plein \u00e9cran (en haut a droite de l&rsquo;\u00e9cran)pour voir toutes les images<br \/>\n<a href=\"https:\/\/bruno.garrigue.me\/blog\/documents\/montagne hiver 2018\/index.html\" target=\"_blank\">Cliquez ici ou sur la vignette<\/a> <\/p>\n<p><a href=\"https:\/\/bruno.garrigue.me\/blog\/documents\/montagne hiver 2018\/index.html\" target=\"_blank\"><img decoding=\"async\" loading=\"lazy\" src=\"https:\/\/bruno.garrigue.me\/blog\/wp-content\/uploads\/2017\/01\/DSCF5673-300x199.jpg\" alt=\"\" width=\"300\" height=\"199\" class=\"aligncenter size-medium wp-image-2945\" srcset=\"https:\/\/bruno.garrigue.me\/blog\/wp-content\/uploads\/2017\/01\/DSCF5673-300x199.jpg 300w, https:\/\/bruno.garrigue.me\/blog\/wp-content\/uploads\/2017\/01\/DSCF5673-1024x680.jpg 1024w\" sizes=\"(max-width: 300px) 100vw, 300px\" \/><\/a><\/p>\n","protected":false},"excerpt":{"rendered":"<p>Vous trouverez ici quelques variations sur le th\u00e8me de la montagne durant ce d\u00e9but d&rsquo;hiver 2017\/2018. Toutes les photos ont \u00e9t\u00e9 r\u00e9alis\u00e9es dans la vall\u00e9e de Chamonix sur le secteur des Houches. N&rsquo;h\u00e9sitez pas \u00e0 me contacter si vous d\u00e9sirez &hellip; <a href=\"https:\/\/bruno.garrigue.me\/blog\/montagne\/\">Continuer la lecture <span class=\"meta-nav\">&rarr;<\/span><\/a><\/p>\n","protected":false},"author":1,"featured_media":0,"parent":0,"menu_order":0,"comment_status":"closed","ping_status":"closed","template":"","meta":[],"_links":{"self":[{"href":"https:\/\/bruno.garrigue.me\/blog\/wp-json\/wp\/v2\/pages\/3367"}],"collection":[{"href":"https:\/\/bruno.garrigue.me\/blog\/wp-json\/wp\/v2\/pages"}],"about":[{"href":"https:\/\/bruno.garrigue.me\/blog\/wp-json\/wp\/v2\/types\/page"}],"author":[{"embeddable":true,"href":"https:\/\/bruno.garrigue.me\/blog\/wp-json\/wp\/v2\/users\/1"}],"replies":[{"embeddable":true,"href":"https:\/\/bruno.garrigue.me\/blog\/wp-json\/wp\/v2\/comments?post=3367"}],"version-history":[{"count":4,"href":"https:\/\/bruno.garrigue.me\/blog\/wp-json\/wp\/v2\/pages\/3367\/revisions"}],"predecessor-version":[{"id":3374,"href":"https:\/\/bruno.garrigue.me\/blog\/wp-json\/wp\/v2\/pages\/3367\/revisions\/3374"}],"wp:attachment":[{"href":"https:\/\/bruno.garrigue.me\/blog\/wp-json\/wp\/v2\/media?parent=3367"}],"curies":[{"name":"wp","href":"https:\/\/api.w.org\/{rel}","templated":true}]}}