{"id":1537,"date":"2013-11-01T22:31:44","date_gmt":"2013-11-01T21:31:44","guid":{"rendered":"http:\/\/bruno.garrigue.me\/blog\/?page_id=1537"},"modified":"2023-05-30T23:19:25","modified_gmt":"2023-05-30T21:19:25","slug":"le-coin-des-souvenirs","status":"publish","type":"page","link":"https:\/\/bruno.garrigue.me\/blog\/le-coin-des-souvenirs\/","title":{"rendered":"Alan , le coin des souvenirs"},"content":{"rendered":"<p><a href=\"https:\/\/picasaweb.google.com\/lh\/photo\/h5Myc1rWUGyL1-5iUUkjoFuyONRWFAflH_k5dIxKF-8?feat=directlink\" target=\"_blank\" rel=\"noopener\">Alan quelques photos d&rsquo;archives en musique<\/a><\/p>\n<p>La derni\u00e8re ballade dans les dunes au coucher du soleil toutes les images cliquez sur la vignette<br \/>\n<a href=\"https:\/\/picasaweb.google.com\/photonono\/LeDernierRallyeDAlanDansLesDunes?authuser=0&amp;authkey=Gv1sRgCKu6weWW6LLZMw&amp;feat=directlink\"><img decoding=\"async\" loading=\"lazy\" class=\"aligncenter size-medium wp-image-1544\" title=\"IMGP0116\" src=\"https:\/\/bruno.garrigue.me\/blog\/wp-content\/uploads\/2013\/11\/IMGP0116-168x300.jpg\" alt=\"\" width=\"168\" height=\"300\" srcset=\"https:\/\/bruno.garrigue.me\/blog\/wp-content\/uploads\/2013\/11\/IMGP0116-168x300.jpg 168w, https:\/\/bruno.garrigue.me\/blog\/wp-content\/uploads\/2013\/11\/IMGP0116-576x1024.jpg 576w\" sizes=\"(max-width: 168px) 100vw, 168px\" \/><\/a><\/p>\n<p>et ici un petit montage vid\u00e9o<\/p>\n<table style=\"width: auto;\">\n<tbody>\n<tr>\n<td><a href=\"_wp_link_placeholder\" data-wplink-edit=\"true\"><img decoding=\"async\" loading=\"lazy\" class=\"alignnone\" src=\"https:\/\/lh3.googleusercontent.com\/-XCqNtqEi4r8\/UnTcWYK2zsI\/AAAAAAAEHD0\/rxjPxmkhxk4\/s144-Ic42\/montage%252520alan.jpg\" alt=\"\" width=\"144\" height=\"81\" \/><\/a><\/td>\n<\/tr>\n<tr>\n<td style=\"font-family: arial,sans-serif; font-size: 11px; text-align: right;\">De <a href=\"https:\/\/picasaweb.google.com\/107289925041098408638\/UneDerniereBalladeDansLesDunesAvecAlan?authuser=0&amp;authkey=Gv1sRgCOGngv_A3N-VmgE&amp;feat=embedwebsite\">Une derni\u00e8re ballade dans les dunes avec Alan<\/a><\/td>\n<\/tr>\n<\/tbody>\n<\/table>\n","protected":false},"excerpt":{"rendered":"<p>Alan quelques photos d&rsquo;archives en musique La derni\u00e8re ballade dans les dunes au coucher du soleil toutes les images cliquez sur la vignette et ici un petit montage vid\u00e9o De Une derni\u00e8re ballade dans les dunes avec Alan<\/p>\n","protected":false},"author":1,"featured_media":0,"parent":0,"menu_order":0,"comment_status":"closed","ping_status":"closed","template":"","meta":[],"_links":{"self":[{"href":"https:\/\/bruno.garrigue.me\/blog\/wp-json\/wp\/v2\/pages\/1537"}],"collection":[{"href":"https:\/\/bruno.garrigue.me\/blog\/wp-json\/wp\/v2\/pages"}],"about":[{"href":"https:\/\/bruno.garrigue.me\/blog\/wp-json\/wp\/v2\/types\/page"}],"author":[{"embeddable":true,"href":"https:\/\/bruno.garrigue.me\/blog\/wp-json\/wp\/v2\/users\/1"}],"replies":[{"embeddable":true,"href":"https:\/\/bruno.garrigue.me\/blog\/wp-json\/wp\/v2\/comments?post=1537"}],"version-history":[{"count":18,"href":"https:\/\/bruno.garrigue.me\/blog\/wp-json\/wp\/v2\/pages\/1537\/revisions"}],"predecessor-version":[{"id":4743,"href":"https:\/\/bruno.garrigue.me\/blog\/wp-json\/wp\/v2\/pages\/1537\/revisions\/4743"}],"wp:attachment":[{"href":"https:\/\/bruno.garrigue.me\/blog\/wp-json\/wp\/v2\/media?parent=1537"}],"curies":[{"name":"wp","href":"https:\/\/api.w.org\/{rel}","templated":true}]}}