{"id":1303,"date":"2013-05-17T22:40:00","date_gmt":"2013-05-17T20:40:00","guid":{"rendered":"http:\/\/bruno.garrigue.me\/blog\/?page_id=1303"},"modified":"2014-05-11T22:42:02","modified_gmt":"2014-05-11T20:42:02","slug":"cerny-la-ferte-2013-meeting-aerien","status":"publish","type":"page","link":"https:\/\/bruno.garrigue.me\/blog\/cerny-la-ferte-2013-meeting-aerien\/","title":{"rendered":"Cerny la Fert\u00e9 2013. Meeting a\u00e9rien"},"content":{"rendered":"<p>Vendredi quelques r\u00e9p\u00e9tions pour se mettre en bouche.<br \/>\n<code><object width=\"400\" height=\"267\" classid=\"clsid:d27cdb6e-ae6d-11cf-96b8-444553540000\" codebase=\"http:\/\/download.macromedia.com\/pub\/shockwave\/cabs\/flash\/swflash.cab#version=6,0,40,0\"><param name=\"src\" value=\"https:\/\/picasaweb.google.com\/s\/c\/bin\/slideshow.swf\" \/><param name=\"flashvars\" value=\"host=picasaweb.google.com&amp;hl=fr&amp;feat=flashalbum&amp;RGB=0x000000&amp;feed=https%3A%2F%2Fpicasaweb.google.com%2Fdata%2Ffeed%2Fapi%2Fuser%2Fphotonono%2Falbumid%2F5879051384389621217%3Falt%3Drss%26kind%3Dphoto%26authkey%3DGv1sRgCM3fgIH1-tbCZA%26hl%3Dfr\" \/><param name=\"pluginspage\" value=\"http:\/\/www.macromedia.com\/go\/getflashplayer\" \/><embed width=\"400\" height=\"267\" type=\"application\/x-shockwave-flash\" src=\"https:\/\/picasaweb.google.com\/s\/c\/bin\/slideshow.swf\" flashvars=\"host=picasaweb.google.com&amp;hl=fr&amp;feat=flashalbum&amp;RGB=0x000000&amp;feed=https%3A%2F%2Fpicasaweb.google.com%2Fdata%2Ffeed%2Fapi%2Fuser%2Fphotonono%2Falbumid%2F5879051384389621217%3Falt%3Drss%26kind%3Dphoto%26authkey%3DGv1sRgCM3fgIH1-tbCZA%26hl%3Dfr\" pluginspage=\"http:\/\/www.macromedia.com\/go\/getflashplayer\" \/><\/object><\/code><br \/>\n<a href=\"https:\/\/picasaweb.google.com\/photonono\/CernyLaFerte2013LesRepetitions?authuser=0&amp;authkey=Gv1sRgCM3fgIH1-tbCZA&amp;feat=directlink\" target=\"_blank\">Cliquez ici pour les iphone et ipad&#8230;.<\/a><\/p>\n<p>&nbsp;<\/p>\n<p>I<span style=\"color: #ff0000;\">ci ce sont les photos de samedi et dimanche<\/span>, <span style=\"color: #ff6600;\">cliquez sur la vignette<\/span><br \/>\n<a href=\"https:\/\/bruno.garrigue.me\/lightroom\/Cerny 2013\"><img decoding=\"async\" loading=\"lazy\" src=\"https:\/\/bruno.garrigue.me\/blog\/wp-content\/uploads\/2013\/05\/1DXX0020-6-300x200.jpg\" alt=\"\" title=\"1DXX0020-6\" width=\"300\" height=\"200\" class=\"aligncenter size-medium wp-image-1560\" srcset=\"https:\/\/bruno.garrigue.me\/blog\/wp-content\/uploads\/2013\/05\/1DXX0020-6-300x200.jpg 300w, https:\/\/bruno.garrigue.me\/blog\/wp-content\/uploads\/2013\/05\/1DXX0020-6-1024x682.jpg 1024w\" sizes=\"(max-width: 300px) 100vw, 300px\" \/><\/a><\/p>\n","protected":false},"excerpt":{"rendered":"<p>Vendredi quelques r\u00e9p\u00e9tions pour se mettre en bouche. Cliquez ici pour les iphone et ipad&#8230;. &nbsp; Ici ce sont les photos de samedi et dimanche, cliquez sur la vignette<\/p>\n","protected":false},"author":1,"featured_media":0,"parent":0,"menu_order":0,"comment_status":"closed","ping_status":"closed","template":"","meta":[],"_links":{"self":[{"href":"https:\/\/bruno.garrigue.me\/blog\/wp-json\/wp\/v2\/pages\/1303"}],"collection":[{"href":"https:\/\/bruno.garrigue.me\/blog\/wp-json\/wp\/v2\/pages"}],"about":[{"href":"https:\/\/bruno.garrigue.me\/blog\/wp-json\/wp\/v2\/types\/page"}],"author":[{"embeddable":true,"href":"https:\/\/bruno.garrigue.me\/blog\/wp-json\/wp\/v2\/users\/1"}],"replies":[{"embeddable":true,"href":"https:\/\/bruno.garrigue.me\/blog\/wp-json\/wp\/v2\/comments?post=1303"}],"version-history":[{"count":7,"href":"https:\/\/bruno.garrigue.me\/blog\/wp-json\/wp\/v2\/pages\/1303\/revisions"}],"predecessor-version":[{"id":1780,"href":"https:\/\/bruno.garrigue.me\/blog\/wp-json\/wp\/v2\/pages\/1303\/revisions\/1780"}],"wp:attachment":[{"href":"https:\/\/bruno.garrigue.me\/blog\/wp-json\/wp\/v2\/media?parent=1303"}],"curies":[{"name":"wp","href":"https:\/\/api.w.org\/{rel}","templated":true}]}}