{"id":1053,"date":"2012-11-18T18:52:19","date_gmt":"2012-11-18T17:52:19","guid":{"rendered":"http:\/\/bruno.garrigue.me\/blog\/?page_id=1053"},"modified":"2013-11-24T00:30:37","modified_gmt":"2013-11-23T23:30:37","slug":"escapade-a-monthier-en-der-festival-international-de-la-photo-animaliere","status":"publish","type":"page","link":"https:\/\/bruno.garrigue.me\/blog\/escapade-a-monthier-en-der-festival-international-de-la-photo-animaliere\/","title":{"rendered":"Escapade \u00e0 Montier en Der, festival international de la photo animali\u00e8re 2012 et 2013"},"content":{"rendered":"<p>Sur cette galerie , rencontre avec les grues cendr\u00e9es au lever du jour et au coucher du soleil.<br \/>\nM\u00e9t\u00e9o plus que m\u00e9diocre mais un superbe endroit et un Festival tr\u00e8s sympa.Cliquez sur les affiches pour voir les photos<br \/>\nPour cette ann\u00e9e un peu de neige en prime!<\/p>\n<p><a href=\"https:\/\/bruno.garrigue.me\/lightroom\/Montier 2013\"target=\"_blank\"><img decoding=\"async\" loading=\"lazy\" src=\"https:\/\/bruno.garrigue.me\/blog\/wp-content\/uploads\/2012\/11\/affiche-montier-2013-211x300.jpg\" alt=\"\" title=\"affiche montier 2013\" width=\"211\" height=\"300\" class=\"aligncenter size-medium wp-image-1598\" srcset=\"https:\/\/bruno.garrigue.me\/blog\/wp-content\/uploads\/2012\/11\/affiche-montier-2013-211x300.jpg 211w, https:\/\/bruno.garrigue.me\/blog\/wp-content\/uploads\/2012\/11\/affiche-montier-2013.jpg 575w\" sizes=\"(max-width: 211px) 100vw, 211px\" \/><\/a><\/p>\n<p>ici l&rsquo;ann\u00e9e 2012<br \/>\nCliquez sur l&rsquo;affiche pour en savoir plus.<br \/>\n<a href=\"https:\/\/bruno.garrigue.me\/lightroom\/montier def\"target=\"_blank\"><img decoding=\"async\" loading=\"lazy\" src=\"https:\/\/bruno.garrigue.me\/blog\/wp-content\/uploads\/2012\/11\/affiche-monthier1-188x300.jpg\" alt=\"\" title=\"affiche montier\" width=\"188\" height=\"300\" class=\"aligncenter size-medium wp-image-1060\" srcset=\"https:\/\/bruno.garrigue.me\/blog\/wp-content\/uploads\/2012\/11\/affiche-monthier1-188x300.jpg 188w, https:\/\/bruno.garrigue.me\/blog\/wp-content\/uploads\/2012\/11\/affiche-monthier1.jpg 599w\" sizes=\"(max-width: 188px) 100vw, 188px\" \/><\/a><\/p>\n","protected":false},"excerpt":{"rendered":"<p>Sur cette galerie , rencontre avec les grues cendr\u00e9es au lever du jour et au coucher du soleil. M\u00e9t\u00e9o plus que m\u00e9diocre mais un superbe endroit et un Festival tr\u00e8s sympa.Cliquez sur les affiches pour voir les photos Pour cette &hellip; <a href=\"https:\/\/bruno.garrigue.me\/blog\/escapade-a-monthier-en-der-festival-international-de-la-photo-animaliere\/\">Continuer la lecture <span class=\"meta-nav\">&rarr;<\/span><\/a><\/p>\n","protected":false},"author":1,"featured_media":0,"parent":0,"menu_order":0,"comment_status":"closed","ping_status":"closed","template":"","meta":[],"_links":{"self":[{"href":"https:\/\/bruno.garrigue.me\/blog\/wp-json\/wp\/v2\/pages\/1053"}],"collection":[{"href":"https:\/\/bruno.garrigue.me\/blog\/wp-json\/wp\/v2\/pages"}],"about":[{"href":"https:\/\/bruno.garrigue.me\/blog\/wp-json\/wp\/v2\/types\/page"}],"author":[{"embeddable":true,"href":"https:\/\/bruno.garrigue.me\/blog\/wp-json\/wp\/v2\/users\/1"}],"replies":[{"embeddable":true,"href":"https:\/\/bruno.garrigue.me\/blog\/wp-json\/wp\/v2\/comments?post=1053"}],"version-history":[{"count":13,"href":"https:\/\/bruno.garrigue.me\/blog\/wp-json\/wp\/v2\/pages\/1053\/revisions"}],"predecessor-version":[{"id":1602,"href":"https:\/\/bruno.garrigue.me\/blog\/wp-json\/wp\/v2\/pages\/1053\/revisions\/1602"}],"wp:attachment":[{"href":"https:\/\/bruno.garrigue.me\/blog\/wp-json\/wp\/v2\/media?parent=1053"}],"curies":[{"name":"wp","href":"https:\/\/api.w.org\/{rel}","templated":true}]}}