{"id":1045,"date":"2012-11-18T16:05:14","date_gmt":"2012-11-18T15:05:14","guid":{"rendered":"http:\/\/bruno.garrigue.me\/blog\/?page_id=1045"},"modified":"2018-01-16T14:56:05","modified_gmt":"2018-01-16T13:56:05","slug":"le-dakar-2012-les-photos","status":"publish","type":"page","link":"https:\/\/bruno.garrigue.me\/blog\/le-dakar-2012-les-photos\/","title":{"rendered":"Le Dakar 2012 les photos"},"content":{"rendered":"<p>Et voila enfin&#8230; les livres. Un grand format<a href=\"http:\/\/fr.blurb.com\/bookstore\/invited\/2475879\/b713fd587f978042d4b7ae6c6e4cbc829b73b8ec\" target=\"_blank\"> le grand format panoramique ici<\/a><\/p>\n<p>Le format panoramique standard<a href=\"http:\/\/fr.blurb.com\/bookstore\/invited\/2476408\/feb0489f555fb03da62cc1d52c9b801b4cf7b2db\" target=\"_blank\">    ICI pour la version standard et un t\u00e9l\u00e9chargement possible Ipad Iphone <\/a><\/p>\n<p>et ici le plus \u00e9conomique , les memes images en format carr\u00e9 <a href=\"http:\/\/www.blurb.fr\/bookstore\/detail\/3306805\">petit carr\u00e9<\/a><\/p>\n<p>Vous pouvez choisir la couverture souple ou cartonn\u00e9e et le type de papier ( conseill\u00e9 papier sup\u00e9rieur finition satin\u00e9e) Les photos et la mise en page sont identiques dans tous les cas seule la taille finale change.<br \/>\nEnfin vous pouvez vous faire une id\u00e9e en feuilletant l&rsquo;aper\u00e7u ci dessous<br \/>\n<code><\/p>\n<div style=\"text-align:left; width:650px\"><object id=\"myWidget\" type=\"application\/x-shockwave-flash\" data=\"http:\/\/fr.blurb.com\/assets\/embed.swf?book_id=3031301&#038;token_id=2476408&#038;token=feb0489f555fb03da62cc1d52c9b801b4cf7b2db&#038;locale=fr_FR&#038;token_id=2476408&#038;token=feb0489f555fb03da62cc1d52c9b801b4cf7b2db\" width=\"650\" height=\"400\"><param name=\"allowFullScreen\" value=\"true\"><\/param><param name=\"wmode\" value=\"transparent\"><\/param><param name=\"allowScriptAccess\" value=\"always\"><\/param><param name=\"movie\" value=\"http:\/\/fr.blurb.com\/assets\/embed.swf?book_id=3031301&#038;token_id=2476408&#038;token=feb0489f555fb03da62cc1d52c9b801b4cf7b2db&#038;locale=fr_FR&#038;token_id=2476408&#038;token=feb0489f555fb03da62cc1d52c9b801b4cf7b2db\"><\/param><a target=\"_new\" href=\"http:\/\/fr.blurb.com\/books\/preview\/3031301?ce=blurb_ew&#038;utm_source=widget\"><img decoding=\"async\" src=\"http:\/\/bookshow.blurb.com\/bookshow\/cache\/P4348594\/md\/wcover_2.png\"><\/img><\/a><\/object><\/p>\n<div style=\"display:block;\"><a href=\"http:\/\/fr.blurb.com\/bookstore\/invited\/2476408\/feb0489f555fb03da62cc1d52c9b801b4cf7b2db?ce=blurb_ew&#038;utm_source=widget\" target=\"_blank\" style=\"margin:12px 3px;\">Argentine, Chili, P\u00e9rou : Le Dakar 2012 entre ciel et terre<br \/>\nPanoramique std by Bruno Garrigue<\/a> | <a href=\"http:\/\/fr.blurb.com\/landing_pages\/bookshow?ce=blurb_ew&#038;utm_source=widget\" target=\"_blank\" style=\"margin:12px 3px;\">Make Your Own Book<\/a><\/div>\n<\/div>\n<p><\/code><\/p>\n<p> premi\u00e8re partie<embed type=\"application\/x-shockwave-flash\" src=\"https:\/\/photos.gstatic.com\/media\/slideshow.swf\" width=\"288\" height=\"192\" flashvars=\"host=picasaweb.google.com&#038;hl=fr&#038;feat=flashalbum&#038;RGB=0x000000&#038;feed=https%3A%2F%2Fpicasaweb.google.com%2Fdata%2Ffeed%2Fapi%2Fuser%2F107289925041098408638%2Falbumid%2F5699415748462919457%3Falt%3Drss%26kind%3Dphoto%26authkey%3DGv1sRgCOr-1uXViMif4wE%26hl%3Dfr\" pluginspage=\"http:\/\/www.macromedia.com\/go\/getflashplayer\"><\/embed>la deuxieme c&rsquo;est par l\u00e0<embed type=\"application\/x-shockwave-flash\" src=\"https:\/\/photos.gstatic.com\/media\/slideshow.swf\" width=\"288\" height=\"192\" flashvars=\"host=picasaweb.google.com&#038;hl=fr&#038;feat=flashalbum&#038;RGB=0x000000&#038;feed=https%3A%2F%2Fpicasaweb.google.com%2Fdata%2Ffeed%2Fapi%2Fuser%2F107289925041098408638%2Falbumid%2F5679444782507580689%3Falt%3Drss%26kind%3Dphoto%26authkey%3DGv1sRgCKm7r7iN7fevXg%26hl%3Dfr\" pluginspage=\"http:\/\/www.macromedia.com\/go\/getflashplayer\"><\/embed>La troisi\u00e8me<embed type=\"application\/x-shockwave-flash\" src=\"https:\/\/photos.gstatic.com\/media\/slideshow.swf\" width=\"288\" height=\"192\" flashvars=\"host=picasaweb.google.com&#038;hl=fr&#038;feat=flashalbum&#038;RGB=0x000000&#038;feed=https%3A%2F%2Fpicasaweb.google.com%2Fdata%2Ffeed%2Fapi%2Fuser%2F107289925041098408638%2Falbumid%2F5699809237286257409%3Falt%3Drss%26kind%3Dphoto%26authkey%3DGv1sRgCOf6sKOHoIjEJg%26hl%3Dfr\" pluginspage=\"http:\/\/www.macromedia.com\/go\/getflashplayer\"><\/embed>et pour finir la route<embed type=\"application\/x-shockwave-flash\" src=\"https:\/\/photos.gstatic.com\/media\/slideshow.swf\" width=\"288\" height=\"192\" flashvars=\"host=picasaweb.google.com&#038;hl=fr&#038;feat=flashalbum&#038;RGB=0x000000&#038;feed=https%3A%2F%2Fpicasaweb.google.com%2Fdata%2Ffeed%2Fapi%2Fuser%2F107289925041098408638%2Falbumid%2F5699858227070259409%3Falt%3Drss%26kind%3Dphoto%26authkey%3DGv1sRgCIuV2NSIpavm7AE%26hl%3Dfr\" pluginspage=\"http:\/\/www.macromedia.com\/go\/getflashplayer\"><\/embed>les images des retrouvailles du 12 fevrier dans restaurant Peruvien \u00e0 Paris par -10 degr\u00e8s&#8230;.<embed type=\"application\/x-shockwave-flash\" src=\"https:\/\/photos.gstatic.com\/media\/slideshow.swf\" width=\"288\" height=\"192\" flashvars=\"host=picasaweb.google.com&#038;hl=fr&#038;feat=flashalbum&#038;RGB=0x000000&#038;feed=https%3A%2F%2Fpicasaweb.google.com%2Fdata%2Ffeed%2Fapi%2Fuser%2F107289925041098408638%2Falbumid%2F5708346655367691569%3Falt%3Drss%26kind%3Dphoto%26authkey%3DGv1sRgCLrU3--UhLO0KA%26hl%3Dfr\" pluginspage=\"http:\/\/www.macromedia.com\/go\/getflashplayer\"><\/embed><\/p>\n","protected":false},"excerpt":{"rendered":"<p>Et voila enfin&#8230; les livres. Un grand format le grand format panoramique ici Le format panoramique standard ICI pour la version standard et un t\u00e9l\u00e9chargement possible Ipad Iphone et ici le plus \u00e9conomique , les memes images en format carr\u00e9 &hellip; <a href=\"https:\/\/bruno.garrigue.me\/blog\/le-dakar-2012-les-photos\/\">Continuer la lecture <span class=\"meta-nav\">&rarr;<\/span><\/a><\/p>\n","protected":false},"author":1,"featured_media":0,"parent":0,"menu_order":0,"comment_status":"closed","ping_status":"closed","template":"","meta":[],"_links":{"self":[{"href":"https:\/\/bruno.garrigue.me\/blog\/wp-json\/wp\/v2\/pages\/1045"}],"collection":[{"href":"https:\/\/bruno.garrigue.me\/blog\/wp-json\/wp\/v2\/pages"}],"about":[{"href":"https:\/\/bruno.garrigue.me\/blog\/wp-json\/wp\/v2\/types\/page"}],"author":[{"embeddable":true,"href":"https:\/\/bruno.garrigue.me\/blog\/wp-json\/wp\/v2\/users\/1"}],"replies":[{"embeddable":true,"href":"https:\/\/bruno.garrigue.me\/blog\/wp-json\/wp\/v2\/comments?post=1045"}],"version-history":[{"count":6,"href":"https:\/\/bruno.garrigue.me\/blog\/wp-json\/wp\/v2\/pages\/1045\/revisions"}],"predecessor-version":[{"id":2343,"href":"https:\/\/bruno.garrigue.me\/blog\/wp-json\/wp\/v2\/pages\/1045\/revisions\/2343"}],"wp:attachment":[{"href":"https:\/\/bruno.garrigue.me\/blog\/wp-json\/wp\/v2\/media?parent=1045"}],"curies":[{"name":"wp","href":"https:\/\/api.w.org\/{rel}","templated":true}]}}